{"id":7856,"date":"2017-07-21T11:52:24","date_gmt":"2017-07-21T08:52:24","guid":{"rendered":"http:\/\/myplace.e-digital.co.il\/%d7%90%d7%95%d7%93%d7%95%d7%aa-myplace\/"},"modified":"2017-09-27T14:49:52","modified_gmt":"2017-09-27T11:49:52","slug":"%d7%90%d7%95%d7%93%d7%95%d7%aa-myplace","status":"publish","type":"page","link":"https:\/\/www.myplace.co.il\/fr\/%d7%90%d7%95%d7%93%d7%95%d7%aa-myplace\/","title":{"rendered":"Environ"},"content":{"rendered":"<p>MyPlace TLV, Promotion immobili\u00e8re et Marketing, S.A.R.L est une agence immobili\u00e8re situ\u00e9e \u00e0 Tel Aviv, fond\u00e9e par Amiram Ben Ezra et Amit Ferenz, qui tous deux op\u00e8rent dans le domaine de l\u2019immobilier \u00e0 Tel Aviv depuis l\u2019ann\u00e9e 2004. Depuis sa cr\u00e9ation, MyPlace TLV s\u2019est affirm\u00e9e comme une agence de haute r\u00e9putation dans le domaine de l\u2019immobilier. Une vaste exp\u00e9rience et un ind\u00e9niable savoir-faire, acquis gr\u00e2ce \u00e0 la r\u00e9alisation d\u2019un tr\u00e8s grand nombre d\u2019affaires immobili\u00e8res, nous assurent aujourd\u2019hui une r\u00e9elle position de sup\u00e9riorit\u00e9 professionnelle.<\/p>\n<p>Gr\u00e2ce \u00e0 son approche cr\u00e9ative et sons sens du service, MyPlace a apport\u00e9 un souffle nouveau dans le domaine de l\u2019immobilier. En raison de leur attachement \u00e0 la grande vari\u00e9t\u00e9 d\u2019individus rencontr\u00e9s dans le cadre de leur profession et gr\u00e2ce \u00e0 la grande opportunit\u00e9 de d\u00e9veloppement personnel et professionnel procur\u00e9e par un tel domaine, les deux partenaires ont investi toute leur \u00e9nergie dans une agence immobili\u00e8re qui place le client au centre de son action. L\u2019essor de MyPlace a \u00e9t\u00e9 parall\u00e8le \u00e0 celui de Tel Aviv et s\u2019est op\u00e9r\u00e9 en fonction d\u2019une strat\u00e9gie professionnelle claire, afin de procurer \u00e0 sa client\u00e8le une vision ad\u00e9quate et constamment mise \u00e0 jour du march\u00e9 immobilier, en temps r\u00e9el. L\u2019engagement de MyPlace en termes d\u2019excellence et de fiabilit\u00e9 est une valeur essentielle, qui ne s\u2019est jamais d\u00e9mentie. Nous ne cessons de nous adapter au march\u00e9 immobilier en constante transformation sans pour autant faire la moindre concession sur les valeurs qui, depuis le jour de son \u00e9tablissement, sous-tendent l\u2019activit\u00e9 de notre agence.<\/p>\n<p>\u00c9tablie au c\u0153ur de Tel Aviv, l\u2019agence immobili\u00e8re MyPlace \u00e9tend son domaine d\u2019action sur toute la ville, et en conna\u00eet la moindre rue et la plus petite impasse. Nos bureaux sont situ\u00e9s au no 17 de la rue Tarsat, face au th\u00e9\u00e2tre HABIMA. Cette position centrale permet \u00e0 MyPlace d\u2019\u00eatre une agence dynamique et vibrante, en prise avec tout ce qui se passe au c\u0153ur de Tel Aviv.<\/p>\n<p>Nos bureaux emploient une \u00e9quipe importante en nombre, form\u00e9e d\u2019agents immobiliers exp\u00e9riment\u00e9s, dipl\u00f4m\u00e9s de l\u2019immobilier, affables, professionnels et hautement communicatifs.<br \/>\nNotre agence offre un \u00e9ventail de services vari\u00e9s, qui ne se limite pas \u00e0 l\u2019entremise et \u00e0 la vente de biens immobiliers, mais inclut toute une gamme de services en relation avec le domaine de l\u2019immobilier. Et tout cela en un m\u00eame lieu. Parmi ces services: estimation et \u00e9valuation de biens; assistance juridique par l\u2019entremise d\u2019un avocat en relation avec l\u2019agence; mise en relation avec des conseillers en pr\u00eats bancaires; entreprise et gestion de projets; architecture; architecture d\u2019int\u00e9rieur; r\u00e9novation etc. Notre but \u00e9tant que nos clients puissent b\u00e9n\u00e9ficier d\u2019un ensemble de services globalis\u00e9, que nous d\u00e9signons sous le vocable \u00ab One Stop Shop \u00bb [Tout en Un].<\/p>\n<p>Parmi nos anciens clients il convient de citer de nombreuses ambassades, des soci\u00e9t\u00e9s de High-Tech, des compagnies d\u2019aviation \u00e9trang\u00e8res, des chaines de t\u00e9l\u00e9vision et des journalistes internationaux, des clients priv\u00e9s isra\u00e9liens aussi bien qu\u2019\u00e9trangers.<br \/>\nTrouver un lieu de r\u00e9sidence, trouver l\u2019endroit que l\u2019on pourra appeler son \u2018Chez soi\u2019 est un processus complexe comprenant une infinit\u00e9 de d\u00e9tails. Forte de sa d\u00e9termination \u00e0 vous satisfaire et forte de son exp\u00e9rience dans le domaine de l\u2019immobilier \u00e0 Tel Aviv, MyPlace, sera \u00e0 m\u00eame de simplifier ce processus et m\u00eame de vous le rendre agr\u00e9able! \u00c9tant donn\u00e9 le large \u00e9ventail des biens \u00e0 notre disposition, nous pourrons trouver \u00e0 votre intention un bien immobilier, dans le cadre du budget que vous vous serez fix\u00e9.<\/p>\n<p>Notre travail est professionnel et hautement qualifi\u00e9. Ceci explique que nous soyons entour\u00e9s de clients satisfaits. MyPlace est impliqu\u00e9e dans la promotion immobili\u00e8re au sein de Tel Aviv ainsi que dans la vaste entreprise de construction qui caract\u00e9rise cette ville. Nous pouvons donc affirmer avec fiert\u00e9 que la grande exp\u00e9rience que nous avons acquis de cette fa\u00e7on nous a permis de nous d\u00e9velopper.<\/p>\n<p>En tant que Directeur G\u00e9n\u00e9ral de la soci\u00e9t\u00e9, j\u2019ai l\u2019honneur de vous pr\u00e9senter mon arri\u00e8re-plan professionnel afin de prouver \u00e0 vos yeux mes capacit\u00e9s dans ce domaine.<br \/>\nJusqu\u2019\u00e0 ce jour, ma carri\u00e8re a \u00e9t\u00e9 florissante et je suis empli de gratitude pour chacun des jours o\u00f9 m\u2019a \u00e9t\u00e9 donn\u00e9e la chance de rencontrer des gens nouveaux, sachant vraiment appr\u00e9cier la chose la plus importante dans la vie, \u00e0 savoir, une maison. Apr\u00e8s de nombreuses ann\u00e9es pass\u00e9es \u00e0 aider des gens \u00e0 trouver la maison qui leur convient, je peux dire en toute sinc\u00e9rit\u00e9, qu\u2019en ayant connaissance de vos desiderata, je serais capable de trouver \u00e0 votre intention le bien immobilier qui satisfera toutes vos attentes et r\u00e9pondra \u00e0 tous vos besoins.<\/p>\n<p>En ce qui concerne le futur, notre agence souhaite am\u00e9liorer constamment son service client\u00e8le. Il est important pour nous que nos clients sachent que nous nous tenons toujours \u00e0 leurs c\u00f4t\u00e9s, tout au long du processus: aussi bien pendant les moments difficiles et complexes que pendant les moments heureux et simples. Je souhaite de tout c\u0153ur que notre site internet soit pour vous un outil efficace dans la recherche de votre bien immobilier, et nous nous engageons \u00e0 faire tous les efforts n\u00e9cessaires pour que cette recherche soit fructueuse. Cordialement, Amit Ferenz Directeur G\u00e9n\u00e9ral MyPlace TLV, Promotion immobili\u00e8re et Marketing, S.A.R.L<\/p>\n","protected":false},"excerpt":{"rendered":"<p>MyPlace TLV, Promotion immobili\u00e8re et Marketing, S.A.R.L est une agence immobili\u00e8re situ\u00e9e \u00e0 Tel Aviv, fond\u00e9e par Amiram Ben Ezra et Amit Ferenz, qui tous deux op\u00e8rent dans le domaine de l\u2019immobilier \u00e0 Tel Aviv depuis l\u2019ann\u00e9e 2004. Depuis sa cr\u00e9ation, MyPlace TLV s\u2019est affirm\u00e9e comme une agence de haute r\u00e9putation dans le domaine de [&hellip;]<\/p>\n","protected":false},"author":1,"featured_media":0,"parent":0,"menu_order":56,"comment_status":"closed","ping_status":"closed","template":"","meta":{"inline_featured_image":false},"acf":[],"yoast_head":"<!-- This site is optimized with the Yoast SEO plugin v19.14 - https:\/\/yoast.com\/wordpress\/plugins\/seo\/ -->\n<title>Environ - MyPlace<\/title>\n<meta name=\"robots\" content=\"index, follow, max-snippet:-1, max-image-preview:large, max-video-preview:-1\" \/>\n<link rel=\"canonical\" href=\"https:\/\/www.myplace.co.il\/fr\/\u05d0\u05d5\u05d3\u05d5\u05ea-myplace\/\" \/>\n<meta property=\"og:locale\" content=\"fr_FR\" \/>\n<meta property=\"og:type\" content=\"article\" \/>\n<meta property=\"og:title\" content=\"Environ - MyPlace\" \/>\n<meta property=\"og:description\" content=\"MyPlace TLV, Promotion immobili\u00e8re et Marketing, S.A.R.L est une agence immobili\u00e8re situ\u00e9e \u00e0 Tel Aviv, fond\u00e9e par Amiram Ben Ezra et Amit Ferenz, qui tous deux op\u00e8rent dans le domaine de l\u2019immobilier \u00e0 Tel Aviv depuis l\u2019ann\u00e9e 2004. Depuis sa cr\u00e9ation, MyPlace TLV s\u2019est affirm\u00e9e comme une agence de haute r\u00e9putation dans le domaine de [&hellip;]\" \/>\n<meta property=\"og:url\" content=\"https:\/\/www.myplace.co.il\/fr\/\u05d0\u05d5\u05d3\u05d5\u05ea-myplace\/\" \/>\n<meta property=\"og:site_name\" content=\"MyPlace\" \/>\n<meta property=\"article:modified_time\" content=\"2017-09-27T11:49:52+00:00\" \/>\n<meta name=\"twitter:card\" content=\"summary_large_image\" \/>\n<meta name=\"twitter:label1\" content=\"Dur\u00e9e de lecture estim\u00e9e\" \/>\n\t<meta name=\"twitter:data1\" content=\"5 minutes\" \/>\n<script type=\"application\/ld+json\" class=\"yoast-schema-graph\">{\"@context\":\"https:\/\/schema.org\",\"@graph\":[{\"@type\":\"WebPage\",\"@id\":\"https:\/\/www.myplace.co.il\/fr\/%d7%90%d7%95%d7%93%d7%95%d7%aa-myplace\/\",\"url\":\"https:\/\/www.myplace.co.il\/fr\/%d7%90%d7%95%d7%93%d7%95%d7%aa-myplace\/\",\"name\":\"Environ - MyPlace\",\"isPartOf\":{\"@id\":\"https:\/\/www.myplace.co.il\/#website\"},\"datePublished\":\"2017-07-21T08:52:24+00:00\",\"dateModified\":\"2017-09-27T11:49:52+00:00\",\"breadcrumb\":{\"@id\":\"https:\/\/www.myplace.co.il\/fr\/%d7%90%d7%95%d7%93%d7%95%d7%aa-myplace\/#breadcrumb\"},\"inLanguage\":\"fr-FR\",\"potentialAction\":[{\"@type\":\"ReadAction\",\"target\":[\"https:\/\/www.myplace.co.il\/fr\/%d7%90%d7%95%d7%93%d7%95%d7%aa-myplace\/\"]}]},{\"@type\":\"BreadcrumbList\",\"@id\":\"https:\/\/www.myplace.co.il\/fr\/%d7%90%d7%95%d7%93%d7%95%d7%aa-myplace\/#breadcrumb\",\"itemListElement\":[{\"@type\":\"ListItem\",\"position\":1,\"name\":\"MyPlace\",\"item\":\"https:\/\/www.myplace.co.il\/fr\/\"},{\"@type\":\"ListItem\",\"position\":2,\"name\":\"Environ\"}]},{\"@type\":\"WebSite\",\"@id\":\"https:\/\/www.myplace.co.il\/#website\",\"url\":\"https:\/\/www.myplace.co.il\/\",\"name\":\"MyPlace\",\"description\":\"\u05d9\u05d6\u05d5\u05dd \u05d5\u05e9\u05d9\u05d5\u05d5\u05e7 \u05e0\u05d3\u05dc&quot;\u05df\",\"potentialAction\":[{\"@type\":\"SearchAction\",\"target\":{\"@type\":\"EntryPoint\",\"urlTemplate\":\"https:\/\/www.myplace.co.il\/?s={search_term_string}\"},\"query-input\":\"required name=search_term_string\"}],\"inLanguage\":\"fr-FR\"}]}<\/script>\n<!-- \/ Yoast SEO plugin. -->","yoast_head_json":{"title":"Environ - MyPlace","robots":{"index":"index","follow":"follow","max-snippet":"max-snippet:-1","max-image-preview":"max-image-preview:large","max-video-preview":"max-video-preview:-1"},"canonical":"https:\/\/www.myplace.co.il\/fr\/\u05d0\u05d5\u05d3\u05d5\u05ea-myplace\/","og_locale":"fr_FR","og_type":"article","og_title":"Environ - MyPlace","og_description":"MyPlace TLV, Promotion immobili\u00e8re et Marketing, S.A.R.L est une agence immobili\u00e8re situ\u00e9e \u00e0 Tel Aviv, fond\u00e9e par Amiram Ben Ezra et Amit Ferenz, qui tous deux op\u00e8rent dans le domaine de l\u2019immobilier \u00e0 Tel Aviv depuis l\u2019ann\u00e9e 2004. Depuis sa cr\u00e9ation, MyPlace TLV s\u2019est affirm\u00e9e comme une agence de haute r\u00e9putation dans le domaine de [&hellip;]","og_url":"https:\/\/www.myplace.co.il\/fr\/\u05d0\u05d5\u05d3\u05d5\u05ea-myplace\/","og_site_name":"MyPlace","article_modified_time":"2017-09-27T11:49:52+00:00","twitter_card":"summary_large_image","twitter_misc":{"Dur\u00e9e de lecture estim\u00e9e":"5 minutes"},"schema":{"@context":"https:\/\/schema.org","@graph":[{"@type":"WebPage","@id":"https:\/\/www.myplace.co.il\/fr\/%d7%90%d7%95%d7%93%d7%95%d7%aa-myplace\/","url":"https:\/\/www.myplace.co.il\/fr\/%d7%90%d7%95%d7%93%d7%95%d7%aa-myplace\/","name":"Environ - MyPlace","isPartOf":{"@id":"https:\/\/www.myplace.co.il\/#website"},"datePublished":"2017-07-21T08:52:24+00:00","dateModified":"2017-09-27T11:49:52+00:00","breadcrumb":{"@id":"https:\/\/www.myplace.co.il\/fr\/%d7%90%d7%95%d7%93%d7%95%d7%aa-myplace\/#breadcrumb"},"inLanguage":"fr-FR","potentialAction":[{"@type":"ReadAction","target":["https:\/\/www.myplace.co.il\/fr\/%d7%90%d7%95%d7%93%d7%95%d7%aa-myplace\/"]}]},{"@type":"BreadcrumbList","@id":"https:\/\/www.myplace.co.il\/fr\/%d7%90%d7%95%d7%93%d7%95%d7%aa-myplace\/#breadcrumb","itemListElement":[{"@type":"ListItem","position":1,"name":"MyPlace","item":"https:\/\/www.myplace.co.il\/fr\/"},{"@type":"ListItem","position":2,"name":"Environ"}]},{"@type":"WebSite","@id":"https:\/\/www.myplace.co.il\/#website","url":"https:\/\/www.myplace.co.il\/","name":"MyPlace","description":"\u05d9\u05d6\u05d5\u05dd \u05d5\u05e9\u05d9\u05d5\u05d5\u05e7 \u05e0\u05d3\u05dc&quot;\u05df","potentialAction":[{"@type":"SearchAction","target":{"@type":"EntryPoint","urlTemplate":"https:\/\/www.myplace.co.il\/?s={search_term_string}"},"query-input":"required name=search_term_string"}],"inLanguage":"fr-FR"}]}},"_links":{"self":[{"href":"https:\/\/www.myplace.co.il\/fr\/wp-json\/wp\/v2\/pages\/7856"}],"collection":[{"href":"https:\/\/www.myplace.co.il\/fr\/wp-json\/wp\/v2\/pages"}],"about":[{"href":"https:\/\/www.myplace.co.il\/fr\/wp-json\/wp\/v2\/types\/page"}],"author":[{"embeddable":true,"href":"https:\/\/www.myplace.co.il\/fr\/wp-json\/wp\/v2\/users\/1"}],"replies":[{"embeddable":true,"href":"https:\/\/www.myplace.co.il\/fr\/wp-json\/wp\/v2\/comments?post=7856"}],"version-history":[{"count":0,"href":"https:\/\/www.myplace.co.il\/fr\/wp-json\/wp\/v2\/pages\/7856\/revisions"}],"wp:attachment":[{"href":"https:\/\/www.myplace.co.il\/fr\/wp-json\/wp\/v2\/media?parent=7856"}],"curies":[{"name":"wp","href":"https:\/\/api.w.org\/{rel}","templated":true}]}}