{"id":7845,"date":"2017-05-30T19:38:24","date_gmt":"2017-05-30T16:38:24","guid":{"rendered":"http:\/\/myplace.e-digital.co.il\/sample-page\/"},"modified":"2026-04-30T13:10:22","modified_gmt":"2026-04-30T10:10:22","slug":"sample-page","status":"publish","type":"page","link":"https:\/\/www.myplace.co.il\/fr\/","title":{"rendered":"Promotion Immobili\u00e8re et Marketing"},"content":{"rendered":"<p>&nbsp;<\/p>\n<h2>MyPlace \u2013 L&rsquo;agence immobili\u00e8re \u00e0 Tel Aviv<\/h2>\n<p>Qu\u2019il s\u2019agisse des quartiers sud de Tel Aviv, du dynamique centre-ville, des quartiers du \u2018vieux nord\u2019 et de \u2018Bavli\u2019, de \u2018Neve Zedek\u2019 ou du quartier du th\u00e9\u00e2tre \u2018Ha-Bima\u2019, des quartiers est ou de Kikar Ha-Medina, MyPlace-Promotion Immobili\u00e8re et Marketing S.A.R.L., a des appartements \u00e0 vendre partout dans Tel Aviv ! Y compris un choix d\u2019appartements luxueux pr\u00e8s du bord de mer, dans de nouvelles tours, dans des projets d\u00e9j\u00e0 en construction ou sur plans. Notre connaissance de la situation immobili\u00e8re \u00e0 Tel Aviv associ\u00e9e \u00e0 notre engagement \u00e0 vous offrir un service de qualit\u00e9 sont la garantie que vous trouverez l\u2019appartement d\u2019habitation qui vous conviendra le mieux ou l\u2019investissement le plus appropri\u00e9.<\/p>\n<p>&nbsp;<\/p>\n","protected":false},"excerpt":{"rendered":"<p>&nbsp; MyPlace \u2013 L&rsquo;agence immobili\u00e8re \u00e0 Tel Aviv Qu\u2019il s\u2019agisse des quartiers sud de Tel Aviv, du dynamique centre-ville, des quartiers du \u2018vieux nord\u2019 et de \u2018Bavli\u2019, de \u2018Neve Zedek\u2019 ou du quartier du th\u00e9\u00e2tre \u2018Ha-Bima\u2019, des quartiers est ou de Kikar Ha-Medina, MyPlace-Promotion Immobili\u00e8re et Marketing S.A.R.L., a des appartements \u00e0 vendre partout dans [&hellip;]<\/p>\n","protected":false},"author":1,"featured_media":0,"parent":0,"menu_order":14,"comment_status":"closed","ping_status":"open","template":"","meta":{"inline_featured_image":false},"acf":[],"yoast_head":"<!-- This site is optimized with the Yoast SEO plugin v19.14 - https:\/\/yoast.com\/wordpress\/plugins\/seo\/ -->\n<title>Promotion Immobili\u00e8re et Marketing - MyPlace<\/title>\n<meta name=\"description\" content=\"\u05de\u05e9\u05e8\u05d3 \u05ea\u05d9\u05d5\u05d5\u05da MyPlace \u05de\u05e6\u05d9\u05d2 \u05de\u05d2\u05d5\u05d5\u05df \u05e2\u05e0\u05e7 \u05e9\u05dc \u05e0\u05db\u05e1\u05d9\u05dd \u05d1\u05ea\u05dc \u05d0\u05d1\u05d9\u05d1. \u05d4\u05de\u05ea\u05d5\u05d5\u05db\u05d9\u05dd \u05e9\u05dc\u05e0\u05d5 \u05d0\u05de\u05d9\u05e0\u05d9\u05dd, \u05d0\u05d9\u05e9\u05d9\u05d9\u05dd \u05e9\u05d9\u05d5\u05d3\u05e2\u05d9\u05dd \u05dc\u05d3\u05d9\u05d9\u05e7 \u05dc\u05e4\u05d9 \u05e6\u05d5\u05e8\u05da. \u05ea\u05e7\u05dc\u05d9\u05e7 \u05dc\u05d4\u05db\u05d9\u05e8 \u05d0\u05d5\u05ea\u05e0\u05d5 \u05d5\u05dc\u05d1\u05d7\u05d5\u05e8 \u05d0\u05ea \u05d4\u05d1\u05d9\u05ea \u05d4\u05e0\u05e2\u05d9\u05dd \u05e9\u05dc\u05da &gt;&gt;\" \/>\n<meta name=\"robots\" content=\"index, follow, max-snippet:-1, max-image-preview:large, max-video-preview:-1\" \/>\n<link rel=\"canonical\" href=\"https:\/\/www.myplace.co.il\/fr\/\" \/>\n<meta property=\"og:locale\" content=\"fr_FR\" \/>\n<meta property=\"og:type\" content=\"article\" \/>\n<meta property=\"og:title\" content=\"Promotion Immobili\u00e8re et Marketing - MyPlace\" \/>\n<meta property=\"og:description\" content=\"\u05de\u05e9\u05e8\u05d3 \u05ea\u05d9\u05d5\u05d5\u05da MyPlace \u05de\u05e6\u05d9\u05d2 \u05de\u05d2\u05d5\u05d5\u05df \u05e2\u05e0\u05e7 \u05e9\u05dc \u05e0\u05db\u05e1\u05d9\u05dd \u05d1\u05ea\u05dc \u05d0\u05d1\u05d9\u05d1. \u05d4\u05de\u05ea\u05d5\u05d5\u05db\u05d9\u05dd \u05e9\u05dc\u05e0\u05d5 \u05d0\u05de\u05d9\u05e0\u05d9\u05dd, \u05d0\u05d9\u05e9\u05d9\u05d9\u05dd \u05e9\u05d9\u05d5\u05d3\u05e2\u05d9\u05dd \u05dc\u05d3\u05d9\u05d9\u05e7 \u05dc\u05e4\u05d9 \u05e6\u05d5\u05e8\u05da. \u05ea\u05e7\u05dc\u05d9\u05e7 \u05dc\u05d4\u05db\u05d9\u05e8 \u05d0\u05d5\u05ea\u05e0\u05d5 \u05d5\u05dc\u05d1\u05d7\u05d5\u05e8 \u05d0\u05ea \u05d4\u05d1\u05d9\u05ea \u05d4\u05e0\u05e2\u05d9\u05dd \u05e9\u05dc\u05da &gt;&gt;\" \/>\n<meta property=\"og:url\" content=\"https:\/\/www.myplace.co.il\/fr\/\" \/>\n<meta property=\"og:site_name\" content=\"MyPlace\" \/>\n<meta property=\"article:modified_time\" content=\"2026-04-30T10:10:22+00:00\" \/>\n<meta name=\"twitter:card\" content=\"summary_large_image\" \/>\n<meta name=\"twitter:label1\" content=\"Dur\u00e9e de lecture estim\u00e9e\" \/>\n\t<meta name=\"twitter:data1\" content=\"1 minute\" \/>\n<script type=\"application\/ld+json\" class=\"yoast-schema-graph\">{\"@context\":\"https:\/\/schema.org\",\"@graph\":[{\"@type\":\"WebPage\",\"@id\":\"https:\/\/www.myplace.co.il\/fr\/\",\"url\":\"https:\/\/www.myplace.co.il\/fr\/\",\"name\":\"Promotion Immobili\u00e8re et Marketing - MyPlace\",\"isPartOf\":{\"@id\":\"https:\/\/www.myplace.co.il\/#website\"},\"datePublished\":\"2017-05-30T16:38:24+00:00\",\"dateModified\":\"2026-04-30T10:10:22+00:00\",\"description\":\"\u05de\u05e9\u05e8\u05d3 \u05ea\u05d9\u05d5\u05d5\u05da MyPlace \u05de\u05e6\u05d9\u05d2 \u05de\u05d2\u05d5\u05d5\u05df \u05e2\u05e0\u05e7 \u05e9\u05dc \u05e0\u05db\u05e1\u05d9\u05dd \u05d1\u05ea\u05dc \u05d0\u05d1\u05d9\u05d1. \u05d4\u05de\u05ea\u05d5\u05d5\u05db\u05d9\u05dd \u05e9\u05dc\u05e0\u05d5 \u05d0\u05de\u05d9\u05e0\u05d9\u05dd, \u05d0\u05d9\u05e9\u05d9\u05d9\u05dd \u05e9\u05d9\u05d5\u05d3\u05e2\u05d9\u05dd \u05dc\u05d3\u05d9\u05d9\u05e7 \u05dc\u05e4\u05d9 \u05e6\u05d5\u05e8\u05da. \u05ea\u05e7\u05dc\u05d9\u05e7 \u05dc\u05d4\u05db\u05d9\u05e8 \u05d0\u05d5\u05ea\u05e0\u05d5 \u05d5\u05dc\u05d1\u05d7\u05d5\u05e8 \u05d0\u05ea \u05d4\u05d1\u05d9\u05ea \u05d4\u05e0\u05e2\u05d9\u05dd \u05e9\u05dc\u05da >>\",\"breadcrumb\":{\"@id\":\"https:\/\/www.myplace.co.il\/fr\/#breadcrumb\"},\"inLanguage\":\"fr-FR\",\"potentialAction\":[{\"@type\":\"ReadAction\",\"target\":[\"https:\/\/www.myplace.co.il\/fr\/\"]}]},{\"@type\":\"BreadcrumbList\",\"@id\":\"https:\/\/www.myplace.co.il\/fr\/#breadcrumb\",\"itemListElement\":[{\"@type\":\"ListItem\",\"position\":1,\"name\":\"MyPlace\",\"item\":\"https:\/\/www.myplace.co.il\/fr\/\"},{\"@type\":\"ListItem\",\"position\":2,\"name\":\"Promotion Immobili\u00e8re et Marketing\"}]},{\"@type\":\"WebSite\",\"@id\":\"https:\/\/www.myplace.co.il\/#website\",\"url\":\"https:\/\/www.myplace.co.il\/\",\"name\":\"MyPlace\",\"description\":\"\u05d9\u05d6\u05d5\u05dd \u05d5\u05e9\u05d9\u05d5\u05d5\u05e7 \u05e0\u05d3\u05dc&quot;\u05df\",\"potentialAction\":[{\"@type\":\"SearchAction\",\"target\":{\"@type\":\"EntryPoint\",\"urlTemplate\":\"https:\/\/www.myplace.co.il\/?s={search_term_string}\"},\"query-input\":\"required name=search_term_string\"}],\"inLanguage\":\"fr-FR\"}]}<\/script>\n<!-- \/ Yoast SEO plugin. -->","yoast_head_json":{"title":"Promotion Immobili\u00e8re et Marketing - MyPlace","description":"\u05de\u05e9\u05e8\u05d3 \u05ea\u05d9\u05d5\u05d5\u05da MyPlace \u05de\u05e6\u05d9\u05d2 \u05de\u05d2\u05d5\u05d5\u05df \u05e2\u05e0\u05e7 \u05e9\u05dc \u05e0\u05db\u05e1\u05d9\u05dd \u05d1\u05ea\u05dc \u05d0\u05d1\u05d9\u05d1. \u05d4\u05de\u05ea\u05d5\u05d5\u05db\u05d9\u05dd \u05e9\u05dc\u05e0\u05d5 \u05d0\u05de\u05d9\u05e0\u05d9\u05dd, \u05d0\u05d9\u05e9\u05d9\u05d9\u05dd \u05e9\u05d9\u05d5\u05d3\u05e2\u05d9\u05dd \u05dc\u05d3\u05d9\u05d9\u05e7 \u05dc\u05e4\u05d9 \u05e6\u05d5\u05e8\u05da. \u05ea\u05e7\u05dc\u05d9\u05e7 \u05dc\u05d4\u05db\u05d9\u05e8 \u05d0\u05d5\u05ea\u05e0\u05d5 \u05d5\u05dc\u05d1\u05d7\u05d5\u05e8 \u05d0\u05ea \u05d4\u05d1\u05d9\u05ea \u05d4\u05e0\u05e2\u05d9\u05dd \u05e9\u05dc\u05da >>","robots":{"index":"index","follow":"follow","max-snippet":"max-snippet:-1","max-image-preview":"max-image-preview:large","max-video-preview":"max-video-preview:-1"},"canonical":"https:\/\/www.myplace.co.il\/fr\/","og_locale":"fr_FR","og_type":"article","og_title":"Promotion Immobili\u00e8re et Marketing - MyPlace","og_description":"\u05de\u05e9\u05e8\u05d3 \u05ea\u05d9\u05d5\u05d5\u05da MyPlace \u05de\u05e6\u05d9\u05d2 \u05de\u05d2\u05d5\u05d5\u05df \u05e2\u05e0\u05e7 \u05e9\u05dc \u05e0\u05db\u05e1\u05d9\u05dd \u05d1\u05ea\u05dc \u05d0\u05d1\u05d9\u05d1. \u05d4\u05de\u05ea\u05d5\u05d5\u05db\u05d9\u05dd \u05e9\u05dc\u05e0\u05d5 \u05d0\u05de\u05d9\u05e0\u05d9\u05dd, \u05d0\u05d9\u05e9\u05d9\u05d9\u05dd \u05e9\u05d9\u05d5\u05d3\u05e2\u05d9\u05dd \u05dc\u05d3\u05d9\u05d9\u05e7 \u05dc\u05e4\u05d9 \u05e6\u05d5\u05e8\u05da. \u05ea\u05e7\u05dc\u05d9\u05e7 \u05dc\u05d4\u05db\u05d9\u05e8 \u05d0\u05d5\u05ea\u05e0\u05d5 \u05d5\u05dc\u05d1\u05d7\u05d5\u05e8 \u05d0\u05ea \u05d4\u05d1\u05d9\u05ea \u05d4\u05e0\u05e2\u05d9\u05dd \u05e9\u05dc\u05da >>","og_url":"https:\/\/www.myplace.co.il\/fr\/","og_site_name":"MyPlace","article_modified_time":"2026-04-30T10:10:22+00:00","twitter_card":"summary_large_image","twitter_misc":{"Dur\u00e9e de lecture estim\u00e9e":"1 minute"},"schema":{"@context":"https:\/\/schema.org","@graph":[{"@type":"WebPage","@id":"https:\/\/www.myplace.co.il\/fr\/","url":"https:\/\/www.myplace.co.il\/fr\/","name":"Promotion Immobili\u00e8re et Marketing - MyPlace","isPartOf":{"@id":"https:\/\/www.myplace.co.il\/#website"},"datePublished":"2017-05-30T16:38:24+00:00","dateModified":"2026-04-30T10:10:22+00:00","description":"\u05de\u05e9\u05e8\u05d3 \u05ea\u05d9\u05d5\u05d5\u05da MyPlace \u05de\u05e6\u05d9\u05d2 \u05de\u05d2\u05d5\u05d5\u05df \u05e2\u05e0\u05e7 \u05e9\u05dc \u05e0\u05db\u05e1\u05d9\u05dd \u05d1\u05ea\u05dc \u05d0\u05d1\u05d9\u05d1. \u05d4\u05de\u05ea\u05d5\u05d5\u05db\u05d9\u05dd \u05e9\u05dc\u05e0\u05d5 \u05d0\u05de\u05d9\u05e0\u05d9\u05dd, \u05d0\u05d9\u05e9\u05d9\u05d9\u05dd \u05e9\u05d9\u05d5\u05d3\u05e2\u05d9\u05dd \u05dc\u05d3\u05d9\u05d9\u05e7 \u05dc\u05e4\u05d9 \u05e6\u05d5\u05e8\u05da. \u05ea\u05e7\u05dc\u05d9\u05e7 \u05dc\u05d4\u05db\u05d9\u05e8 \u05d0\u05d5\u05ea\u05e0\u05d5 \u05d5\u05dc\u05d1\u05d7\u05d5\u05e8 \u05d0\u05ea \u05d4\u05d1\u05d9\u05ea \u05d4\u05e0\u05e2\u05d9\u05dd \u05e9\u05dc\u05da >>","breadcrumb":{"@id":"https:\/\/www.myplace.co.il\/fr\/#breadcrumb"},"inLanguage":"fr-FR","potentialAction":[{"@type":"ReadAction","target":["https:\/\/www.myplace.co.il\/fr\/"]}]},{"@type":"BreadcrumbList","@id":"https:\/\/www.myplace.co.il\/fr\/#breadcrumb","itemListElement":[{"@type":"ListItem","position":1,"name":"MyPlace","item":"https:\/\/www.myplace.co.il\/fr\/"},{"@type":"ListItem","position":2,"name":"Promotion Immobili\u00e8re et Marketing"}]},{"@type":"WebSite","@id":"https:\/\/www.myplace.co.il\/#website","url":"https:\/\/www.myplace.co.il\/","name":"MyPlace","description":"\u05d9\u05d6\u05d5\u05dd \u05d5\u05e9\u05d9\u05d5\u05d5\u05e7 \u05e0\u05d3\u05dc&quot;\u05df","potentialAction":[{"@type":"SearchAction","target":{"@type":"EntryPoint","urlTemplate":"https:\/\/www.myplace.co.il\/?s={search_term_string}"},"query-input":"required name=search_term_string"}],"inLanguage":"fr-FR"}]}},"_links":{"self":[{"href":"https:\/\/www.myplace.co.il\/fr\/wp-json\/wp\/v2\/pages\/7845"}],"collection":[{"href":"https:\/\/www.myplace.co.il\/fr\/wp-json\/wp\/v2\/pages"}],"about":[{"href":"https:\/\/www.myplace.co.il\/fr\/wp-json\/wp\/v2\/types\/page"}],"author":[{"embeddable":true,"href":"https:\/\/www.myplace.co.il\/fr\/wp-json\/wp\/v2\/users\/1"}],"replies":[{"embeddable":true,"href":"https:\/\/www.myplace.co.il\/fr\/wp-json\/wp\/v2\/comments?post=7845"}],"version-history":[{"count":0,"href":"https:\/\/www.myplace.co.il\/fr\/wp-json\/wp\/v2\/pages\/7845\/revisions"}],"wp:attachment":[{"href":"https:\/\/www.myplace.co.il\/fr\/wp-json\/wp\/v2\/media?parent=7845"}],"curies":[{"name":"wp","href":"https:\/\/api.w.org\/{rel}","templated":true}]}}