{"id":101187,"date":"2025-10-22T12:19:52","date_gmt":"2025-10-22T09:19:52","guid":{"rendered":"https:\/\/www.myplace.co.il\/?page_id=101187"},"modified":"2025-10-24T10:33:45","modified_gmt":"2025-10-24T07:33:45","slug":"politique-de-confidentialite","status":"publish","type":"page","link":"https:\/\/www.myplace.co.il\/fr\/politique-de-confidentialite\/","title":{"rendered":"Politique de Confidentialit\u00e9"},"content":{"rendered":"<h2 data-start=\"6687\" data-end=\"6737\"><strong data-start=\"6695\" data-end=\"6737\">Politique de Confidentialit\u00e9 \u2013 MyPlace<\/strong><\/h2>\n<p data-start=\"6739\" data-end=\"7124\"><strong data-start=\"6739\" data-end=\"6812\">La protection de votre vie priv\u00e9e est une priorit\u00e9 absolue pour nous.<\/strong><br data-start=\"6812\" data-end=\"6815\" \/>La pr\u00e9sente Politique de Confidentialit\u00e9 explique comment nous collectons, utilisons et prot\u00e9geons vos donn\u00e9es personnelles.<br data-start=\"6939\" data-end=\"6942\" \/>En acceptant l\u2019utilisation des cookies conform\u00e9ment \u00e0 cette politique lors de votre premi\u00e8re visite sur notre site, vous consentez \u00e0 leur utilisation lors de vos visites ult\u00e9rieures.<\/p>\n<hr data-start=\"7126\" data-end=\"7129\" \/>\n<h3 data-start=\"7131\" data-end=\"7184\"><strong data-start=\"7135\" data-end=\"7184\">Consentement \u00c9clair\u00e9 selon la Loi Isra\u00e9lienne<\/strong><\/h3>\n<p data-start=\"7186\" data-end=\"7406\">Conform\u00e9ment \u00e0 l\u2019Amendement n\u00b013 \u00e0 la Loi Isra\u00e9lienne sur la Protection de la Vie Priv\u00e9e, nous devons obtenir votre consentement libre, \u00e9clair\u00e9 et explicite avant toute collecte ou traitement de vos donn\u00e9es personnelles.<\/p>\n<ul data-start=\"7408\" data-end=\"7860\">\n<li data-start=\"7408\" data-end=\"7546\">\n<p data-start=\"7410\" data-end=\"7546\"><strong data-start=\"7410\" data-end=\"7436\">Consentement \u00e9clair\u00e9 :<\/strong> nous expliquons clairement quelles donn\u00e9es sont collect\u00e9es, \u00e0 quelles fins et comment elles sont utilis\u00e9es.<\/p>\n<\/li>\n<li data-start=\"7547\" data-end=\"7650\">\n<p data-start=\"7549\" data-end=\"7650\"><strong data-start=\"7549\" data-end=\"7573\">Consentement libre :<\/strong> vous \u00eates libre de refuser ou de retirer votre consentement \u00e0 tout moment.<\/p>\n<\/li>\n<li data-start=\"7651\" data-end=\"7790\">\n<p data-start=\"7653\" data-end=\"7790\"><strong data-start=\"7653\" data-end=\"7681\">Consentement explicite :<\/strong> nous sollicitons un accord distinct pour chaque finalit\u00e9, y compris les cookies d\u2019analyse et de marketing.<\/p>\n<\/li>\n<li data-start=\"7791\" data-end=\"7860\">\n<p data-start=\"7793\" data-end=\"7860\"><strong data-start=\"7793\" data-end=\"7818\">Consentement s\u00e9par\u00e9 :<\/strong> aucun consentement g\u00e9n\u00e9ral n\u2019est pr\u00e9sum\u00e9.<\/p>\n<\/li>\n<\/ul>\n<hr data-start=\"7862\" data-end=\"7865\" \/>\n<h3 data-start=\"7867\" data-end=\"7907\"><strong data-start=\"7871\" data-end=\"7907\">Informations que Nous Collectons<\/strong><\/h3>\n<p data-start=\"7909\" data-end=\"8001\">Nous pouvons collecter, stocker et utiliser les types d\u2019informations personnelles suivants :<\/p>\n<ul data-start=\"8003\" data-end=\"8773\">\n<li data-start=\"8003\" data-end=\"8116\">\n<p data-start=\"8005\" data-end=\"8116\">Informations sur votre ordinateur (adresse IP, emplacement g\u00e9ographique, navigateur, syst\u00e8me d\u2019exploitation).<\/p>\n<\/li>\n<li data-start=\"8117\" data-end=\"8273\">\n<p data-start=\"8119\" data-end=\"8273\">Informations relatives \u00e0 vos visites et \u00e0 votre utilisation du site (source de r\u00e9f\u00e9rence, dur\u00e9e de visite, pages consult\u00e9es, itin\u00e9raires de navigation).<\/p>\n<\/li>\n<li data-start=\"8274\" data-end=\"8371\">\n<p data-start=\"8276\" data-end=\"8371\">Informations fournies lors de l\u2019inscription (adresse e-mail, profil, int\u00e9r\u00eats, emploi, etc.).<\/p>\n<\/li>\n<li data-start=\"8372\" data-end=\"8446\">\n<p data-start=\"8374\" data-end=\"8446\">Donn\u00e9es concernant les abonnements \u00e0 nos newsletters ou notifications.<\/p>\n<\/li>\n<li data-start=\"8447\" data-end=\"8548\">\n<p data-start=\"8449\" data-end=\"8548\">Informations relatives aux transactions (nom, adresse, t\u00e9l\u00e9phone, e-mail, coordonn\u00e9es bancaires).<\/p>\n<\/li>\n<li data-start=\"8549\" data-end=\"8640\">\n<p data-start=\"8551\" data-end=\"8640\">Contenu publi\u00e9 volontairement sur le site (commentaires, photos de profil, pseudonyme).<\/p>\n<\/li>\n<li data-start=\"8641\" data-end=\"8694\">\n<p data-start=\"8643\" data-end=\"8694\">Correspondance envoy\u00e9e via le site ou par e-mail.<\/p>\n<\/li>\n<li data-start=\"8695\" data-end=\"8773\">\n<p data-start=\"8697\" data-end=\"8773\">Toute autre information personnelle que vous choisissez de nous communiquer.<\/p>\n<\/li>\n<\/ul>\n<p data-start=\"8775\" data-end=\"8943\">Si vous fournissez les donn\u00e9es personnelles d\u2019un tiers, vous devez obtenir son consentement pour la communication et le traitement conform\u00e9ment \u00e0 la pr\u00e9sente politique.<\/p>\n<hr data-start=\"8945\" data-end=\"8948\" \/>\n<h3 data-start=\"8950\" data-end=\"8965\"><strong data-start=\"8954\" data-end=\"8965\">Cookies<\/strong><\/h3>\n<p data-start=\"8967\" data-end=\"9296\">Notre site utilise des cookies pour assurer son bon fonctionnement et am\u00e9liorer votre exp\u00e9rience utilisateur.<br data-start=\"9076\" data-end=\"9079\" \/>Les cookies peuvent \u00eatre <strong data-start=\"9104\" data-end=\"9119\">persistants<\/strong> ou <strong data-start=\"9123\" data-end=\"9137\">de session<\/strong>. Les cookies persistants restent actifs jusqu\u2019\u00e0 leur expiration ou leur suppression manuelle. Les cookies de session expirent lorsque le navigateur est ferm\u00e9.<\/p>\n<p data-start=\"9298\" data-end=\"9526\">Nous utilisons notamment <strong data-start=\"9323\" data-end=\"9343\">Google Analytics<\/strong> pour :<br data-start=\"9350\" data-end=\"9353\" \/>identifier les ordinateurs lors des visites, analyser le trafic, am\u00e9liorer la convivialit\u00e9, pr\u00e9venir la fraude, personnaliser le contenu, et proposer des publicit\u00e9s cibl\u00e9es.<\/p>\n<hr data-start=\"9528\" data-end=\"9531\" \/>\n<h3 data-start=\"9533\" data-end=\"9577\"><strong data-start=\"9537\" data-end=\"9577\">Utilisation des Donn\u00e9es Personnelles<\/strong><\/h3>\n<p data-start=\"9579\" data-end=\"9650\">Les donn\u00e9es personnelles collect\u00e9es sont utilis\u00e9es aux fins suivantes :<\/p>\n<ul data-start=\"9652\" data-end=\"10248\">\n<li data-start=\"9652\" data-end=\"9708\">\n<p data-start=\"9654\" data-end=\"9708\">Administration du site et des activit\u00e9s commerciales<\/p>\n<\/li>\n<li data-start=\"9709\" data-end=\"9737\">\n<p data-start=\"9711\" data-end=\"9737\">Personnalisation du site<\/p>\n<\/li>\n<li data-start=\"9738\" data-end=\"9774\">\n<p data-start=\"9740\" data-end=\"9774\">Fourniture des services demand\u00e9s<\/p>\n<\/li>\n<li data-start=\"9775\" data-end=\"9823\">\n<p data-start=\"9777\" data-end=\"9823\">Livraison de produits ou prestations achet\u00e9s<\/p>\n<\/li>\n<li data-start=\"9824\" data-end=\"9877\">\n<p data-start=\"9826\" data-end=\"9877\">Envoi de factures, relev\u00e9s et rappels de paiement<\/p>\n<\/li>\n<li data-start=\"9878\" data-end=\"9927\">\n<p data-start=\"9880\" data-end=\"9927\">Communication d\u2019informations non commerciales<\/p>\n<\/li>\n<li data-start=\"9928\" data-end=\"9966\">\n<p data-start=\"9930\" data-end=\"9966\">Envoi de newsletters (sur demande)<\/p>\n<\/li>\n<li data-start=\"9967\" data-end=\"10046\">\n<p data-start=\"9969\" data-end=\"10046\">Envoi d\u2019offres ou de communications marketing (avec votre accord explicite)<\/p>\n<\/li>\n<li data-start=\"10047\" data-end=\"10102\">\n<p data-start=\"10049\" data-end=\"10102\">Gestion des demandes, plaintes et assistance client<\/p>\n<\/li>\n<li data-start=\"10103\" data-end=\"10149\">\n<p data-start=\"10105\" data-end=\"10149\">S\u00e9curit\u00e9 du site et pr\u00e9vention des fraudes<\/p>\n<\/li>\n<li data-start=\"10150\" data-end=\"10198\">\n<p data-start=\"10152\" data-end=\"10198\">Conformit\u00e9 avec les Conditions d\u2019Utilisation<\/p>\n<\/li>\n<li data-start=\"10199\" data-end=\"10248\">\n<p data-start=\"10201\" data-end=\"10248\">Toute autre finalit\u00e9 l\u00e9gitime pr\u00e9vue par la loi<\/p>\n<\/li>\n<\/ul>\n<p data-start=\"10250\" data-end=\"10371\">Nous ne transmettons pas vos donn\u00e9es personnelles \u00e0 des tiers \u00e0 des fins de marketing direct sans votre accord explicite.<\/p>\n<hr data-start=\"10373\" data-end=\"10376\" \/>\n<h3 data-start=\"10378\" data-end=\"10422\"><strong data-start=\"10382\" data-end=\"10422\">Divulgation des Donn\u00e9es Personnelles<\/strong><\/h3>\n<p data-start=\"10424\" data-end=\"10655\">Nous pouvons divulguer vos donn\u00e9es \u00e0 nos employ\u00e9s, dirigeants, assureurs, conseillers, prestataires, sous-traitants ou soci\u00e9t\u00e9s affili\u00e9es lorsque cela est raisonnablement n\u00e9cessaire.<br data-start=\"10606\" data-end=\"10609\" \/>Nous pouvons \u00e9galement divulguer des donn\u00e9es :<\/p>\n<ul data-start=\"10657\" data-end=\"10948\">\n<li data-start=\"10657\" data-end=\"10682\">\n<p data-start=\"10659\" data-end=\"10682\">Conform\u00e9ment \u00e0 la loi<\/p>\n<\/li>\n<li data-start=\"10683\" data-end=\"10751\">\n<p data-start=\"10685\" data-end=\"10751\">Dans le cadre de proc\u00e9dures judiciaires en cours ou potentielles<\/p>\n<\/li>\n<li data-start=\"10752\" data-end=\"10807\">\n<p data-start=\"10754\" data-end=\"10807\">Pour \u00e9tablir, exercer ou d\u00e9fendre nos droits l\u00e9gaux<\/p>\n<\/li>\n<li data-start=\"10808\" data-end=\"10873\">\n<p data-start=\"10810\" data-end=\"10873\">\u00c0 un acqu\u00e9reur potentiel de notre entreprise ou de nos actifs<\/p>\n<\/li>\n<li data-start=\"10874\" data-end=\"10948\">\n<p data-start=\"10876\" data-end=\"10948\">\u00c0 toute autorit\u00e9 comp\u00e9tente susceptible d\u2019exiger une telle communication<\/p>\n<\/li>\n<\/ul>\n<hr data-start=\"10950\" data-end=\"10953\" \/>\n<h3 data-start=\"10955\" data-end=\"10987\"><strong data-start=\"10959\" data-end=\"10987\">Conservation des Donn\u00e9es<\/strong><\/h3>\n<p data-start=\"10989\" data-end=\"11164\">Les donn\u00e9es personnelles sont conserv\u00e9es uniquement pour la dur\u00e9e n\u00e9cessaire aux finalit\u00e9s d\u00e9crites, sauf obligation l\u00e9gale contraire ou n\u00e9cessit\u00e9 de protection de nos droits.<\/p>\n<hr data-start=\"11166\" data-end=\"11169\" \/>\n<h3 data-start=\"11171\" data-end=\"11199\"><strong data-start=\"11175\" data-end=\"11199\">S\u00e9curit\u00e9 des Donn\u00e9es<\/strong><\/h3>\n<p data-start=\"11201\" data-end=\"11368\">Nous mettons en \u0153uvre des mesures techniques et organisationnelles appropri\u00e9es pour pr\u00e9venir la perte, l\u2019usage abusif ou l\u2019alt\u00e9ration de vos informations personnelles.<\/p>\n<ul data-start=\"11370\" data-end=\"11651\">\n<li data-start=\"11370\" data-end=\"11460\">\n<p data-start=\"11372\" data-end=\"11460\">Donn\u00e9es stock\u00e9es sur des serveurs s\u00e9curis\u00e9s (prot\u00e9g\u00e9s par mots de passe et pare-feux).<\/p>\n<\/li>\n<li data-start=\"11461\" data-end=\"11499\">\n<p data-start=\"11463\" data-end=\"11499\">Transactions financi\u00e8res crypt\u00e9es.<\/p>\n<\/li>\n<li data-start=\"11500\" data-end=\"11590\">\n<p data-start=\"11502\" data-end=\"11590\">Transmission d\u2019informations sur Internet reconnue comme intrins\u00e8quement non s\u00e9curis\u00e9e.<\/p>\n<\/li>\n<li data-start=\"11591\" data-end=\"11651\">\n<p data-start=\"11593\" data-end=\"11651\">Confidentialit\u00e9 du mot de passe sous votre responsabilit\u00e9.<\/p>\n<\/li>\n<\/ul>\n<hr data-start=\"11653\" data-end=\"11656\" \/>\n<h3 data-start=\"11658\" data-end=\"11709\"><strong data-start=\"11662\" data-end=\"11709\">Vos Droits selon la L\u00e9gislation Isra\u00e9lienne<\/strong><\/h3>\n<p data-start=\"11711\" data-end=\"11780\">Conform\u00e9ment \u00e0 l\u2019Amendement n\u00b013, vous disposez des droits suivants :<\/p>\n<ul data-start=\"11782\" data-end=\"12057\">\n<li data-start=\"11782\" data-end=\"11807\">\n<p data-start=\"11784\" data-end=\"11807\">Droit \u00e0 l\u2019information<\/p>\n<\/li>\n<li data-start=\"11808\" data-end=\"11825\">\n<p data-start=\"11810\" data-end=\"11825\">Droit d\u2019acc\u00e8s<\/p>\n<\/li>\n<li data-start=\"11826\" data-end=\"11852\">\n<p data-start=\"11828\" data-end=\"11852\">Droit de rectification<\/p>\n<\/li>\n<li data-start=\"11853\" data-end=\"11899\">\n<p data-start=\"11855\" data-end=\"11899\">Droit \u00e0 l\u2019effacement (\u00ab droit \u00e0 l\u2019oubli \u00bb)<\/p>\n<\/li>\n<li data-start=\"11900\" data-end=\"11922\">\n<p data-start=\"11902\" data-end=\"11922\">Droit d\u2019opposition<\/p>\n<\/li>\n<li data-start=\"11923\" data-end=\"11961\">\n<p data-start=\"11925\" data-end=\"11961\">Droit \u00e0 la portabilit\u00e9 des donn\u00e9es<\/p>\n<\/li>\n<li data-start=\"11962\" data-end=\"12001\">\n<p data-start=\"11964\" data-end=\"12001\">Droit \u00e0 la limitation du traitement<\/p>\n<\/li>\n<li data-start=\"12002\" data-end=\"12057\">\n<p data-start=\"12004\" data-end=\"12057\">Droit de donner ou retirer un consentement sp\u00e9cifique<\/p>\n<\/li>\n<\/ul>\n<p data-start=\"12059\" data-end=\"12157\">Vous pouvez \u00e0 tout moment demander la cessation du traitement de vos donn\u00e9es \u00e0 des fins marketing.<\/p>\n<hr data-start=\"12159\" data-end=\"12162\" \/>\n<h3 data-start=\"12164\" data-end=\"12183\"><strong data-start=\"12168\" data-end=\"12183\">Sites Tiers<\/strong><\/h3>\n<p data-start=\"12185\" data-end=\"12325\">Notre site peut contenir des liens vers des sites externes. Nous d\u00e9clinons toute responsabilit\u00e9 quant \u00e0 leurs politiques de confidentialit\u00e9.<\/p>\n<hr data-start=\"12327\" data-end=\"12330\" \/>\n<h3 data-start=\"12332\" data-end=\"12347\"><strong data-start=\"12336\" data-end=\"12347\">Contact<\/strong><\/h3>\n<p data-start=\"12349\" data-end=\"12561\">Pour toute question, demande ou r\u00e9clamation relative \u00e0 cette politique :<br data-start=\"12421\" data-end=\"12424\" \/><strong data-start=\"12424\" data-end=\"12436\">E-mail :<\/strong> <a class=\"decorated-link cursor-pointer\" rel=\"noopener\" data-start=\"12437\" data-end=\"12455\">info@myplace.co.il<\/a><br data-start=\"12455\" data-end=\"12458\" \/><strong data-start=\"12458\" data-end=\"12468\">Site :<\/strong> <a class=\"decorated-link\" href=\"https:\/\/www.myplace.co.il\" target=\"_new\" rel=\"noopener\" data-start=\"12469\" data-end=\"12523\">https:\/\/www.myplace.co.il<\/a><br data-start=\"12523\" data-end=\"12526\" \/><strong data-start=\"12526\" data-end=\"12551\">Nom de l\u2019entreprise :<\/strong> MyPlace<\/p>\n<p data-start=\"12563\" data-end=\"12731\">En cas de d\u00e9saccord, vous pouvez contacter :<br data-start=\"12607\" data-end=\"12610\" \/><strong data-start=\"12610\" data-end=\"12665\">Autorit\u00e9 Isra\u00e9lienne de Protection de la Vie Priv\u00e9e<\/strong><br data-start=\"12665\" data-end=\"12668\" \/>T\u00e9l\u00e9phone : +972-2-509-7000<br data-start=\"12695\" data-end=\"12698\" \/>E-mail : <a class=\"decorated-link cursor-pointer\" rel=\"noopener\" data-start=\"12707\" data-end=\"12729\">privacy@justice.gov.il<\/a><\/p>\n<p data-start=\"12733\" data-end=\"12777\"><strong data-start=\"12733\" data-end=\"12759\">Derni\u00e8re mise \u00e0 jour :<\/strong> 22 octobre 2025<\/p>\n","protected":false},"excerpt":{"rendered":"<p>Politique de Confidentialit\u00e9 \u2013 MyPlace La protection de votre vie priv\u00e9e est une priorit\u00e9 absolue pour nous.La pr\u00e9sente Politique de Confidentialit\u00e9 explique comment nous collectons, utilisons et prot\u00e9geons vos donn\u00e9es personnelles.En acceptant l\u2019utilisation des cookies conform\u00e9ment \u00e0 cette politique lors de votre premi\u00e8re visite sur notre site, vous consentez \u00e0 leur utilisation lors de vos [&hellip;]<\/p>\n","protected":false},"author":1,"featured_media":0,"parent":0,"menu_order":1,"comment_status":"closed","ping_status":"closed","template":"","meta":{"inline_featured_image":false},"acf":[],"yoast_head":"<!-- This site is optimized with the Yoast SEO plugin v19.14 - https:\/\/yoast.com\/wordpress\/plugins\/seo\/ -->\n<title>Politique de Confidentialit\u00e9 - MyPlace<\/title>\n<meta name=\"robots\" content=\"index, follow, max-snippet:-1, max-image-preview:large, max-video-preview:-1\" \/>\n<link rel=\"canonical\" href=\"https:\/\/www.myplace.co.il\/fr\/politique-de-confidentialite\/\" \/>\n<meta property=\"og:locale\" content=\"fr_FR\" \/>\n<meta property=\"og:type\" content=\"article\" \/>\n<meta property=\"og:title\" content=\"Politique de Confidentialit\u00e9 - MyPlace\" \/>\n<meta property=\"og:description\" content=\"Politique de Confidentialit\u00e9 \u2013 MyPlace La protection de votre vie priv\u00e9e est une priorit\u00e9 absolue pour nous.La pr\u00e9sente Politique de Confidentialit\u00e9 explique comment nous collectons, utilisons et prot\u00e9geons vos donn\u00e9es personnelles.En acceptant l\u2019utilisation des cookies conform\u00e9ment \u00e0 cette politique lors de votre premi\u00e8re visite sur notre site, vous consentez \u00e0 leur utilisation lors de vos [&hellip;]\" \/>\n<meta property=\"og:url\" content=\"https:\/\/www.myplace.co.il\/fr\/politique-de-confidentialite\/\" \/>\n<meta property=\"og:site_name\" content=\"MyPlace\" \/>\n<meta property=\"article:modified_time\" content=\"2025-10-24T07:33:45+00:00\" \/>\n<meta name=\"twitter:card\" content=\"summary_large_image\" \/>\n<meta name=\"twitter:label1\" content=\"Dur\u00e9e de lecture estim\u00e9e\" \/>\n\t<meta name=\"twitter:data1\" content=\"4 minutes\" \/>\n<script type=\"application\/ld+json\" class=\"yoast-schema-graph\">{\"@context\":\"https:\/\/schema.org\",\"@graph\":[{\"@type\":\"WebPage\",\"@id\":\"https:\/\/www.myplace.co.il\/fr\/politique-de-confidentialite\/\",\"url\":\"https:\/\/www.myplace.co.il\/fr\/politique-de-confidentialite\/\",\"name\":\"Politique de Confidentialit\u00e9 - MyPlace\",\"isPartOf\":{\"@id\":\"https:\/\/www.myplace.co.il\/#website\"},\"datePublished\":\"2025-10-22T09:19:52+00:00\",\"dateModified\":\"2025-10-24T07:33:45+00:00\",\"breadcrumb\":{\"@id\":\"https:\/\/www.myplace.co.il\/fr\/politique-de-confidentialite\/#breadcrumb\"},\"inLanguage\":\"fr-FR\",\"potentialAction\":[{\"@type\":\"ReadAction\",\"target\":[\"https:\/\/www.myplace.co.il\/fr\/politique-de-confidentialite\/\"]}]},{\"@type\":\"BreadcrumbList\",\"@id\":\"https:\/\/www.myplace.co.il\/fr\/politique-de-confidentialite\/#breadcrumb\",\"itemListElement\":[{\"@type\":\"ListItem\",\"position\":1,\"name\":\"MyPlace\",\"item\":\"https:\/\/www.myplace.co.il\/fr\/\"},{\"@type\":\"ListItem\",\"position\":2,\"name\":\"Politique de Confidentialit\u00e9\"}]},{\"@type\":\"WebSite\",\"@id\":\"https:\/\/www.myplace.co.il\/#website\",\"url\":\"https:\/\/www.myplace.co.il\/\",\"name\":\"MyPlace\",\"description\":\"\u05d9\u05d6\u05d5\u05dd \u05d5\u05e9\u05d9\u05d5\u05d5\u05e7 \u05e0\u05d3\u05dc&quot;\u05df\",\"potentialAction\":[{\"@type\":\"SearchAction\",\"target\":{\"@type\":\"EntryPoint\",\"urlTemplate\":\"https:\/\/www.myplace.co.il\/?s={search_term_string}\"},\"query-input\":\"required name=search_term_string\"}],\"inLanguage\":\"fr-FR\"}]}<\/script>\n<!-- \/ Yoast SEO plugin. -->","yoast_head_json":{"title":"Politique de Confidentialit\u00e9 - MyPlace","robots":{"index":"index","follow":"follow","max-snippet":"max-snippet:-1","max-image-preview":"max-image-preview:large","max-video-preview":"max-video-preview:-1"},"canonical":"https:\/\/www.myplace.co.il\/fr\/politique-de-confidentialite\/","og_locale":"fr_FR","og_type":"article","og_title":"Politique de Confidentialit\u00e9 - MyPlace","og_description":"Politique de Confidentialit\u00e9 \u2013 MyPlace La protection de votre vie priv\u00e9e est une priorit\u00e9 absolue pour nous.La pr\u00e9sente Politique de Confidentialit\u00e9 explique comment nous collectons, utilisons et prot\u00e9geons vos donn\u00e9es personnelles.En acceptant l\u2019utilisation des cookies conform\u00e9ment \u00e0 cette politique lors de votre premi\u00e8re visite sur notre site, vous consentez \u00e0 leur utilisation lors de vos [&hellip;]","og_url":"https:\/\/www.myplace.co.il\/fr\/politique-de-confidentialite\/","og_site_name":"MyPlace","article_modified_time":"2025-10-24T07:33:45+00:00","twitter_card":"summary_large_image","twitter_misc":{"Dur\u00e9e de lecture estim\u00e9e":"4 minutes"},"schema":{"@context":"https:\/\/schema.org","@graph":[{"@type":"WebPage","@id":"https:\/\/www.myplace.co.il\/fr\/politique-de-confidentialite\/","url":"https:\/\/www.myplace.co.il\/fr\/politique-de-confidentialite\/","name":"Politique de Confidentialit\u00e9 - MyPlace","isPartOf":{"@id":"https:\/\/www.myplace.co.il\/#website"},"datePublished":"2025-10-22T09:19:52+00:00","dateModified":"2025-10-24T07:33:45+00:00","breadcrumb":{"@id":"https:\/\/www.myplace.co.il\/fr\/politique-de-confidentialite\/#breadcrumb"},"inLanguage":"fr-FR","potentialAction":[{"@type":"ReadAction","target":["https:\/\/www.myplace.co.il\/fr\/politique-de-confidentialite\/"]}]},{"@type":"BreadcrumbList","@id":"https:\/\/www.myplace.co.il\/fr\/politique-de-confidentialite\/#breadcrumb","itemListElement":[{"@type":"ListItem","position":1,"name":"MyPlace","item":"https:\/\/www.myplace.co.il\/fr\/"},{"@type":"ListItem","position":2,"name":"Politique de Confidentialit\u00e9"}]},{"@type":"WebSite","@id":"https:\/\/www.myplace.co.il\/#website","url":"https:\/\/www.myplace.co.il\/","name":"MyPlace","description":"\u05d9\u05d6\u05d5\u05dd \u05d5\u05e9\u05d9\u05d5\u05d5\u05e7 \u05e0\u05d3\u05dc&quot;\u05df","potentialAction":[{"@type":"SearchAction","target":{"@type":"EntryPoint","urlTemplate":"https:\/\/www.myplace.co.il\/?s={search_term_string}"},"query-input":"required name=search_term_string"}],"inLanguage":"fr-FR"}]}},"_links":{"self":[{"href":"https:\/\/www.myplace.co.il\/fr\/wp-json\/wp\/v2\/pages\/101187"}],"collection":[{"href":"https:\/\/www.myplace.co.il\/fr\/wp-json\/wp\/v2\/pages"}],"about":[{"href":"https:\/\/www.myplace.co.il\/fr\/wp-json\/wp\/v2\/types\/page"}],"author":[{"embeddable":true,"href":"https:\/\/www.myplace.co.il\/fr\/wp-json\/wp\/v2\/users\/1"}],"replies":[{"embeddable":true,"href":"https:\/\/www.myplace.co.il\/fr\/wp-json\/wp\/v2\/comments?post=101187"}],"version-history":[{"count":0,"href":"https:\/\/www.myplace.co.il\/fr\/wp-json\/wp\/v2\/pages\/101187\/revisions"}],"wp:attachment":[{"href":"https:\/\/www.myplace.co.il\/fr\/wp-json\/wp\/v2\/media?parent=101187"}],"curies":[{"name":"wp","href":"https:\/\/api.w.org\/{rel}","templated":true}]}}